{"id":336653,"date":"2024-02-07T00:42:50","date_gmt":"2024-02-07T00:42:50","guid":{"rendered":"https:\/\/perupez.com\/?page_id=336653"},"modified":"2026-03-23T21:33:13","modified_gmt":"2026-03-23T21:33:13","slug":"noticias","status":"publish","type":"page","link":"https:\/\/perupez.com\/en\/noticias\/","title":{"rendered":"News"},"content":{"rendered":"<p>[et_pb_section fb_built=\u00bb1&#8243; custom_padding_last_edited=\u00bbon|phone\u00bb module_class=\u00bbgardener-6-inl-buttons\u00bb _builder_version=\u00bb4.23.4&#8243; _module_preset=\u00bbdefault\u00bb use_background_color_gradient=\u00bbon\u00bb background_color_gradient_stops=\u00bbrgba(0,177,242,0.3) 0%|rgba(7,66,129,0.3) 48%|rgba(0,155,89,0.3) 100%\u00bb background_color_gradient_overlays_image=\u00bbon\u00bb background_image=\u00bbhttps:\/\/perupez.com\/wp-content\/uploads\/2024\/01\/fondo-1.webp\u00bb background_blend=\u00bbcolor\u00bb overflow-x=\u00bbhidden\u00bb overflow-y=\u00bbhidden\u00bb custom_margin=\u00bb0px||0px||false|false\u00bb custom_padding=\u00bb150px||75px||false|false\u00bb custom_padding_tablet=\u00bb120px||65px||false|false\u00bb custom_padding_phone=\u00bb90px||60px||false|false\u00bb animation_style=\u00bbfade\u00bb animation_speed_curve=\u00bbease\u00bb da_disable_devices=\u00bboff|off|off\u00bb locked=\u00bboff\u00bb global_colors_info=\u00bb{}\u00bb da_is_popup=\u00bboff\u00bb da_exit_intent=\u00bboff\u00bb da_has_close=\u00bbon\u00bb da_alt_close=\u00bboff\u00bb da_dark_close=\u00bboff\u00bb da_not_modal=\u00bbon\u00bb da_is_singular=\u00bboff\u00bb da_with_loader=\u00bboff\u00bb da_has_shadow=\u00bbon\u00bb][et_pb_row _builder_version=\u00bb4.19.2&#8243; _module_preset=\u00bbdefault\u00bb width=\u00bb90%\u00bb max_width=\u00bb830px\u00bb custom_margin=\u00bb0px||30px||false|false\u00bb custom_padding=\u00bb0px||0px||false|false\u00bb custom_css_main_element=\u00bbtext-align:center;\u00bb global_colors_info=\u00bb{}\u00bb][et_pb_column type=\u00bb4_4&#8243; _builder_version=\u00bb4.19.2&#8243; _module_preset=\u00bbdefault\u00bb global_colors_info=\u00bb{}\u00bb][et_pb_text _builder_version=\u00bb4.23.4&#8243; _module_preset=\u00bbdefault\u00bb header_2_font=\u00bbmacho|700||on|||||\u00bb header_2_text_align=\u00bbcenter\u00bb header_2_text_color=\u00bb#FFFFFF\u00bb header_2_font_size=\u00bb65px\u00bb header_2_letter_spacing=\u00bb-2px\u00bb header_2_line_height=\u00bb1.1em\u00bb custom_margin=\u00bb0px||0px||false|false\u00bb custom_padding=\u00bb0px||0px||false|false\u00bb header_font_size_tablet=\u00bb25px\u00bb header_font_size_phone=\u00bb25px\u00bb header_font_size_last_edited=\u00bbon|tablet\u00bb header_2_font_size_tablet=\u00bb45px\u00bb header_2_font_size_phone=\u00bb35px\u00bb header_2_font_size_last_edited=\u00bbon|phone\u00bb global_colors_info=\u00bb{}\u00bb]<\/p>\n<h2>noticias<\/h2>\n<p>[\/et_pb_text][\/et_pb_column][\/et_pb_row][\/et_pb_section][et_pb_section fb_built=\u00bb1&#8243; _builder_version=\u00bb4.23.4&#8243; _module_preset=\u00bbdefault\u00bb da_disable_devices=\u00bboff|off|off\u00bb global_colors_info=\u00bb{}\u00bb da_is_popup=\u00bboff\u00bb da_exit_intent=\u00bboff\u00bb da_has_close=\u00bbon\u00bb da_alt_close=\u00bboff\u00bb da_dark_close=\u00bboff\u00bb da_not_modal=\u00bbon\u00bb da_is_singular=\u00bboff\u00bb da_with_loader=\u00bboff\u00bb da_has_shadow=\u00bbon\u00bb][et_pb_row column_structure=\u00bb1_6,1_6,1_6,1_6,1_6,1_6&#8243; _builder_version=\u00bb4.24.0&#8243; _module_preset=\u00bbdefault\u00bb global_colors_info=\u00bb{}\u00bb][et_pb_column type=\u00bb1_6&#8243; _builder_version=\u00bb4.24.0&#8243; _module_preset=\u00bbdefault\u00bb global_colors_info=\u00bb{}\u00bb][\/et_pb_column][et_pb_column type=\u00bb1_6&#8243; _builder_version=\u00bb4.24.0&#8243; _module_preset=\u00bbdefault\u00bb global_colors_info=\u00bb{}\u00bb][et_pb_blurb url=\u00bbhttps:\/\/www.msc.org\/media-centre\/press-releases\/press-release\/loan-guarantee-facility-unlocks-commercial-financing-for-sustainable-eel-fishery-in-peru\u00bb image=\u00bbhttps:\/\/perupez.com\/wp-content\/uploads\/2026\/03\/MSC-Seacore-Landscape-web-575px-1.png\u00bb title_last_edited=\u00bboff|desktop\u00bb image_tablet=\u00bbhttps:\/\/perupez.com\/wp-content\/uploads\/2024\/02\/LATINA.jpg\u00bb image_phone=\u00bbhttps:\/\/perupez.com\/wp-content\/uploads\/2024\/02\/LATINA.jpg\u00bb image_last_edited=\u00bbon|desktop\u00bb _builder_version=\u00bb4.27.6&#8243; _module_preset=\u00bbdefault\u00bb link_option_url=\u00bbhttps:\/\/www.msc.org\/media-centre\/press-releases\/press-release\/loan-guarantee-facility-unlocks-commercial-financing-for-sustainable-eel-fishery-in-peru\u00bb link_option_url_new_window=\u00bbon\u00bb hover_enabled=\u00bb0&#8243; global_colors_info=\u00bb{}\u00bb sticky_enabled=\u00bb0&#8243;]<\/p>\n<p><strong>Dario Alvites,<\/strong><span> fundador y director ejecutivo de Perupez, declar\u00f3: \u00abObtener la certificaci\u00f3n MSC es una prioridad estrat\u00e9gica para Perupez&#8230;<\/span><\/p>\n<p>[\/et_pb_blurb][\/et_pb_column][et_pb_column type=\u00bb1_6&#8243; _builder_version=\u00bb4.24.0&#8243; _module_preset=\u00bbdefault\u00bb global_colors_info=\u00bb{}\u00bb][et_pb_blurb title=\u00bbInstituto del Mar del Per\u00fa\u00bb url=\u00bbhttps:\/\/www.facebook.com\/story.php?story_fbid=738359171768190&#038;id=100067823424528&#038;mibextid=WC7FNe\u00bb image=\u00bbhttps:\/\/perupez.com\/wp-content\/uploads\/2024\/03\/imarpe-reunion.jpg\u00bb _builder_version=\u00bb4.24.0&#8243; _module_preset=\u00bbdefault\u00bb link_option_url=\u00bbhttps:\/\/www.facebook.com\/story.php?story_fbid=738359171768190&#038;id=100067823424528&#038;mibextid=WC7FNe\u00bb global_colors_info=\u00bb{}\u00bb]<\/p>\n<p><span>El Pdte. del IMARPE Jorge Paz A. y el Pdte. de la Asociaci\u00f3n Peruana de Productores de Anguila<\/span><\/p>\n<p>[\/et_pb_blurb][\/et_pb_column][et_pb_column type=\u00bb1_6&#8243; _builder_version=\u00bb4.27.6&#8243; _module_preset=\u00bbdefault\u00bb global_colors_info=\u00bb{}\u00bb][et_pb_blurb title=\u00bbAgencia de Noticias Andina: \u00bb url=\u00bbhttps:\/\/fb.watch\/pW5H_rtk8r\/?mibextid=Nif5oz\u00bb image=\u00bbhttps:\/\/perupez.com\/wp-content\/uploads\/2024\/02\/andina.jpg\u00bb title_last_edited=\u00bboff|desktop\u00bb image_tablet=\u00bbhttps:\/\/perupez.com\/wp-content\/uploads\/2024\/02\/andina.jpg\u00bb image_phone=\u00bbhttps:\/\/perupez.com\/wp-content\/uploads\/2024\/02\/andina.jpg\u00bb image_last_edited=\u00bbon|desktop\u00bb _builder_version=\u00bb4.24.0&#8243; _module_preset=\u00bbdefault\u00bb link_option_url=\u00bbhttps:\/\/fb.watch\/pW5H_rtk8r\/?mibextid=Nif5oz\u00bb link_option_url_new_window=\u00bbon\u00bb global_colors_info=\u00bb{}\u00bb]<\/p>\n<p>Per\u00fa lidera exportaci\u00f3n de anguila: conozcamos m\u00e1s sobre esta especie marina.<\/p>\n<p>[\/et_pb_blurb][\/et_pb_column][et_pb_column type=\u00bb1_6&#8243; _builder_version=\u00bb4.24.0&#8243; _module_preset=\u00bbdefault\u00bb global_colors_info=\u00bb{}\u00bb][et_pb_blurb title=\u00bbExitosa Noticias:\u00bb url=\u00bbhttps:\/\/fb.watch\/pR4S26YB-O\/?mibextid=Nif5oz\u00bb image=\u00bbhttps:\/\/perupez.com\/wp-content\/uploads\/2024\/02\/exitosa.jpg\u00bb title_last_edited=\u00bboff|desktop\u00bb image_tablet=\u00bbhttps:\/\/perupez.com\/wp-content\/uploads\/2024\/02\/exitosa.jpg\u00bb image_phone=\u00bbhttps:\/\/perupez.com\/wp-content\/uploads\/2024\/02\/exitosa.jpg\u00bb image_last_edited=\u00bbon|desktop\u00bb _builder_version=\u00bb4.24.0&#8243; _module_preset=\u00bbdefault\u00bb link_option_url=\u00bbhttps:\/\/fb.watch\/pR4S26YB-O\/?mibextid=Nif5oz\u00bb link_option_url_new_window=\u00bbon\u00bb global_colors_info=\u00bb{}\u00bb]<\/p>\n<p style=\"text-align: left;\"><strong>Dar\u00edo Alvites,<\/strong> Per\u00fa lidera en el mundo la exportaci\u00f3n de anguila.<\/p>\n<p>[\/et_pb_blurb][\/et_pb_column][et_pb_column type=\u00bb1_6&#8243; _builder_version=\u00bb4.24.0&#8243; _module_preset=\u00bbdefault\u00bb global_colors_info=\u00bb{}\u00bb][et_pb_blurb title=\u00bbAMERICA ECONOMIA\u00bb url=\u00bbhttps:\/\/www.americaeconomia.com\/negocios-e-industrias\/el-boom-de-la-anguila-en-el-pacifico-peru-lidera-la-carrera-por-la\u00bb image=\u00bbhttps:\/\/perupez.com\/wp-content\/uploads\/2024\/02\/america-economia.png\u00bb title_last_edited=\u00bboff|desktop\u00bb image_tablet=\u00bbhttps:\/\/perupez.com\/wp-content\/uploads\/2024\/02\/america-economia.png\u00bb image_phone=\u00bbhttps:\/\/perupez.com\/wp-content\/uploads\/2024\/02\/america-economia.png\u00bb image_last_edited=\u00bbon|desktop\u00bb _builder_version=\u00bb4.24.0&#8243; _module_preset=\u00bbdefault\u00bb link_option_url=\u00bbhttps:\/\/www.americaeconomia.com\/negocios-e-industrias\/el-boom-de-la-anguila-en-el-pacifico-peru-lidera-la-carrera-por-la\u00bb link_option_url_new_window=\u00bbon\u00bb global_colors_info=\u00bb{}\u00bb]<\/p>\n<p><strong>El boom de la anguila en el Pac\u00edfico:<\/strong> Per\u00fa lidera la carrera por la certificaci\u00f3n sostenible&#8230;<\/p>\n<p>[\/et_pb_blurb][\/et_pb_column][\/et_pb_row][et_pb_row column_structure=\u00bb1_6,1_6,1_6,1_6,1_6,1_6&#8243; _builder_version=\u00bb4.24.0&#8243; _module_preset=\u00bbdefault\u00bb global_colors_info=\u00bb{}\u00bb][et_pb_column type=\u00bb1_6&#8243; _builder_version=\u00bb4.24.0&#8243; _module_preset=\u00bbdefault\u00bb global_colors_info=\u00bb{}\u00bb][\/et_pb_column][et_pb_column type=\u00bb1_6&#8243; _builder_version=\u00bb4.24.0&#8243; _module_preset=\u00bbdefault\u00bb global_colors_info=\u00bb{}\u00bb][et_pb_blurb title=\u00bbDiario Gestion\u00bb url=\u00bbhttps:\/\/gestion.pe\/peru\/anguila-peru-lidera-su-exportacion-y-avanza-hacia-la-maxima-certificacion-internacional-produce-noticia\/#google_vignette\u00bb image=\u00bbhttps:\/\/perupez.com\/wp-content\/uploads\/2024\/02\/NOTICIAS-GESTION.jpg\u00bb title_last_edited=\u00bboff|desktop\u00bb image_tablet=\u00bbhttps:\/\/perupez.com\/wp-content\/uploads\/2024\/02\/NOTICIAS-GESTION.jpg\u00bb image_phone=\u00bbhttps:\/\/perupez.com\/wp-content\/uploads\/2024\/02\/NOTICIAS-GESTION.jpg\u00bb image_last_edited=\u00bbon|desktop\u00bb _builder_version=\u00bb4.24.0&#8243; _module_preset=\u00bbdefault\u00bb link_option_url=\u00bbhttps:\/\/gestion.pe\/peru\/anguila-peru-lidera-su-exportacion-y-avanza-hacia-la-maxima-certificacion-internacional-produce-noticia\/#google_vignette\u00bb link_option_url_new_window=\u00bbon\u00bb global_colors_info=\u00bb{}\u00bb]<\/p>\n<p><strong>Anguila:<\/strong> Per\u00fa lidera su exportaci\u00f3n y avanza hacia la m\u00e1xima certificaci\u00f3n internacional<\/p>\n<p>[\/et_pb_blurb][\/et_pb_column][et_pb_column type=\u00bb1_6&#8243; _builder_version=\u00bb4.24.0&#8243; _module_preset=\u00bbdefault\u00bb global_colors_info=\u00bb{}\u00bb][et_pb_blurb title=\u00bbOANNES\u00bb url=\u00bbhttps:\/\/www.oannes.org.pe\/noticias\/pesca-y-acuicultura\/peru-certificacion-de-pesquerias-peru-va-en-la-cola\/\u00bb image=\u00bbhttps:\/\/perupez.com\/wp-content\/uploads\/2024\/02\/logo-oannes.png\u00bb title_last_edited=\u00bboff|desktop\u00bb image_tablet=\u00bbhttps:\/\/perupez.com\/wp-content\/uploads\/2024\/02\/logo-oannes.png\u00bb image_phone=\u00bbhttps:\/\/perupez.com\/wp-content\/uploads\/2024\/02\/logo-oannes.png\u00bb image_last_edited=\u00bbon|desktop\u00bb _builder_version=\u00bb4.24.0&#8243; _module_preset=\u00bbdefault\u00bb link_option_url=\u00bbhttps:\/\/www.oannes.org.pe\/noticias\/pesca-y-acuicultura\/peru-certificacion-de-pesquerias-peru-va-en-la-cola\/\u00bb link_option_url_new_window=\u00bbon\u00bb global_colors_info=\u00bb{}\u00bb]<\/p>\n<p><strong>Per\u00fa &#8211;<\/strong> Certificaci\u00f3n de Pesquer\u00edas: Per\u00fa va en la cola&#8230;<\/p>\n<p>[\/et_pb_blurb][\/et_pb_column][et_pb_column type=\u00bb1_6&#8243; _builder_version=\u00bb4.27.6&#8243; _module_preset=\u00bbdefault\u00bb global_colors_info=\u00bb{}\u00bb][et_pb_blurb title=\u00bbRPP\u00bb url=\u00bbhttps:\/\/rpp.pe\/peru\/actualidad\/peru-lidera-exportacion-de-anguila-pero-requiere-apoyo-de-produce-para-lograr-certificacion-en-pesca-sostenible-noticia-1531007&#8243; image=\u00bbhttps:\/\/perupez.com\/wp-content\/uploads\/2024\/02\/2039-205_import.png\u00bb title_last_edited=\u00bboff|desktop\u00bb image_tablet=\u00bbhttps:\/\/perupez.com\/wp-content\/uploads\/2024\/02\/2039-205_import.png\u00bb image_phone=\u00bbhttps:\/\/perupez.com\/wp-content\/uploads\/2024\/02\/2039-205_import.png\u00bb image_last_edited=\u00bbon|desktop\u00bb _builder_version=\u00bb4.24.0&#8243; _module_preset=\u00bbdefault\u00bb link_option_url=\u00bbhttps:\/\/rpp.pe\/peru\/actualidad\/peru-lidera-exportacion-de-anguila-pero-requiere-apoyo-de-produce-para-lograr-certificacion-en-pesca-sostenible-noticia-1531007&#8243; link_option_url_new_window=\u00bbon\u00bb global_colors_info=\u00bb{}\u00bb]<\/p>\n<p><strong>Per\u00fa lidera exportaci\u00f3n<\/strong> de anguila, pero requiere apoyo de Produce para lograr certificaci\u00f3n en pesca sostenible&#8230;<\/p>\n<p>[\/et_pb_blurb][\/et_pb_column][et_pb_column type=\u00bb1_6&#8243; _builder_version=\u00bb4.24.0&#8243; _module_preset=\u00bbdefault\u00bb global_colors_info=\u00bb{}\u00bb][et_pb_blurb title=\u00bbSeafood Media\u00bb url=\u00bbhttps:\/\/seafood.media\/fis\/worldnews\/worldnews.asp?monthyear=1-2024&#038;day=25&#038;id=128071&#038;l=s&#038;country=0&#038;special=&#038;ndb=1&#038;df=0&#8243; image=\u00bbhttps:\/\/perupez.com\/wp-content\/uploads\/2024\/02\/VVB.jpg\u00bb title_last_edited=\u00bboff|desktop\u00bb image_tablet=\u00bbhttps:\/\/perupez.com\/wp-content\/uploads\/2024\/02\/VVB.jpg\u00bb image_phone=\u00bbhttps:\/\/perupez.com\/wp-content\/uploads\/2024\/02\/VVB.jpg\u00bb image_last_edited=\u00bbon|desktop\u00bb _builder_version=\u00bb4.24.0&#8243; _module_preset=\u00bbdefault\u00bb link_option_url=\u00bbhttps:\/\/seafood.media\/fis\/worldnews\/worldnews.asp?monthyear=1-2024&#038;day=25&#038;id=128071&#038;l=s&#038;country=0&#038;special=&#038;ndb=1&#038;df=0&#8243; link_option_url_new_window=\u00bbon\u00bb global_colors_info=\u00bb{}\u00bb]<\/p>\n<p><strong>Certificaci\u00f3n <\/strong>de Pesquer\u00edas: Per\u00fa va en la cola\u2026<\/p>\n<p>[\/et_pb_blurb][\/et_pb_column][et_pb_column type=\u00bb1_6&#8243; _builder_version=\u00bb4.24.0&#8243; _module_preset=\u00bbdefault\u00bb global_colors_info=\u00bb{}\u00bb][et_pb_blurb title=\u00bbLatina Noticias\u00bb url=\u00bbhttps:\/\/latinanoticias.pe\/tendencias\/peru-lidera-exportacion-de-anguila-y-avanza-hacia-la-maxima-certificacion-internacional\u00bb image=\u00bbhttps:\/\/perupez.com\/wp-content\/uploads\/2024\/02\/LATINA.jpg\u00bb title_last_edited=\u00bboff|desktop\u00bb image_tablet=\u00bbhttps:\/\/perupez.com\/wp-content\/uploads\/2024\/02\/LATINA.jpg\u00bb image_phone=\u00bbhttps:\/\/perupez.com\/wp-content\/uploads\/2024\/02\/LATINA.jpg\u00bb image_last_edited=\u00bbon|desktop\u00bb _builder_version=\u00bb4.24.0&#8243; _module_preset=\u00bbdefault\u00bb link_option_url=\u00bbhttps:\/\/latinanoticias.pe\/tendencias\/peru-lidera-exportacion-de-anguila-y-avanza-hacia-la-maxima-certificacion-internacional\u00bb link_option_url_new_window=\u00bbon\u00bb global_colors_info=\u00bb{}\u00bb]<\/p>\n<p><strong>Dario Alvites,<\/strong> l\u00edder del Proyecto de Mejoramiento Pesquero de Anguila Peruana (PMP Anguila)&#8230;<\/p>\n<p>[\/et_pb_blurb][\/et_pb_column][\/et_pb_row][et_pb_row _builder_version=\u00bb4.24.0&#8243; _module_preset=\u00bbdefault\u00bb border_width_all=\u00bb1px\u00bb border_color_all=\u00bb#009B59&#8243; global_colors_info=\u00bb{}\u00bb][et_pb_column type=\u00bb4_4&#8243; _builder_version=\u00bb4.24.0&#8243; _module_preset=\u00bbdefault\u00bb global_colors_info=\u00bb{}\u00bb][et_pb_text _builder_version=\u00bb4.24.0&#8243; _module_preset=\u00bbdefault\u00bb text_text_color=\u00bb#009B59&#8243; text_font_size=\u00bb26px\u00bb custom_padding=\u00bb||33px|||\u00bb global_colors_info=\u00bb{}\u00bb]<\/p>\n<p style=\"text-align: center;\"><strong>FERIAS INTERNACIONALES<\/strong><\/p>\n<p>[\/et_pb_text][\/et_pb_column][\/et_pb_row][et_pb_row column_structure=\u00bb1_5,1_5,1_5,1_5,1_5&#8243; use_custom_gutter=\u00bbon\u00bb _builder_version=\u00bb4.24.0&#8243; _module_preset=\u00bbdefault\u00bb background_image=\u00bbhttps:\/\/perupez.com\/wp-content\/uploads\/2024\/02\/Imagen2.png\u00bb max_width_last_edited=\u00bboff|desktop\u00bb min_height=\u00bb205px\u00bb custom_margin=\u00bb|auto|16px|auto||\u00bb custom_css_main_element=\u00bb \u00bb global_colors_info=\u00bb{}\u00bb custom_css_main_element_last_edited=\u00bboff|phone\u00bb][et_pb_column type=\u00bb1_5&#8243; _builder_version=\u00bb4.23.4&#8243; _module_preset=\u00bbdefault\u00bb custom_css_main_element=\u00bb \u00bb global_colors_info=\u00bb{}\u00bb custom_css_main_element_last_edited=\u00bbon|phone\u00bb custom_css_main_element_tablet=\u00bb \u00bb custom_css_main_element_phone=\u00bbwidth: 50% !important;\u00bb][et_pb_image src=\u00bbhttps:\/\/perupez.com\/wp-content\/uploads\/2024\/02\/seafoodexpo-north.jpg\u00bb title_text=\u00bbseafoodexpo north\u00bb url=\u00bbhttps:\/\/www.seafoodexpo.com\/north-america\/?gad_source=1&#038;gclid=EAIaIQobChMI5pjDnoCchAMVl9LCBB1IIgeeEAAYASAAEgI-y_D_BwE\u00bb url_new_window=\u00bbon\u00bb align=\u00bbcenter\u00bb _builder_version=\u00bb4.24.0&#8243; _module_preset=\u00bbdefault\u00bb custom_margin=\u00bb|5px||5px|false|true\u00bb global_colors_info=\u00bb{}\u00bb][\/et_pb_image][\/et_pb_column][et_pb_column type=\u00bb1_5&#8243; _builder_version=\u00bb4.23.4&#8243; _module_preset=\u00bbdefault\u00bb custom_css_main_element=\u00bb \u00bb global_colors_info=\u00bb{}\u00bb custom_css_main_element_last_edited=\u00bbon|desktop\u00bb custom_css_main_element_phone=\u00bbwidth: 50% !important;\u00bb custom_css_main_element_tablet=\u00bb \u00ab][et_pb_image src=\u00bbhttps:\/\/perupez.com\/wp-content\/uploads\/2024\/02\/logo-conxemar.jpg\u00bb title_text=\u00bblogo-conxemar\u00bb url=\u00bbhttps:\/\/www.conxemar.com\/es\/feria\/\u00bb url_new_window=\u00bbon\u00bb align=\u00bbcenter\u00bb _builder_version=\u00bb4.24.0&#8243; _module_preset=\u00bbdefault\u00bb custom_margin=\u00bb|5px||5px|false|true\u00bb global_colors_info=\u00bb{}\u00bb][\/et_pb_image][\/et_pb_column][et_pb_column type=\u00bb1_5&#8243; _builder_version=\u00bb4.23.4&#8243; _module_preset=\u00bbdefault\u00bb global_colors_info=\u00bb{}\u00bb custom_css_main_element_last_edited=\u00bbon|desktop\u00bb custom_css_main_element_phone=\u00bbwidth: 50% !important;\u00bb custom_css_main_element_tablet=\u00bb \u00ab][et_pb_image src=\u00bbhttps:\/\/perupez.com\/wp-content\/uploads\/2024\/02\/seafoodexpo-global.jpg\u00bb title_text=\u00bbseafoodexpo global\u00bb url=\u00bbhttps:\/\/www.seafoodexpo.com\/global\/\u00bb url_new_window=\u00bbon\u00bb align=\u00bbcenter\u00bb _builder_version=\u00bb4.24.0&#8243; _module_preset=\u00bbdefault\u00bb custom_margin=\u00bb|5px||5px|false|true\u00bb global_colors_info=\u00bb{}\u00bb][\/et_pb_image][\/et_pb_column][et_pb_column type=\u00bb1_5&#8243; _builder_version=\u00bb4.23.4&#8243; _module_preset=\u00bbdefault\u00bb global_colors_info=\u00bb{}\u00bb custom_css_main_element_last_edited=\u00bbon|desktop\u00bb custom_css_main_element_phone=\u00bbwidth: 50% !important;\u00bb custom_css_main_element_tablet=\u00bb \u00ab][et_pb_image src=\u00bbhttps:\/\/perupez.com\/wp-content\/uploads\/2024\/02\/china-fisheries.png\u00bb title_text=\u00bbchina fisheries\u00bb url=\u00bbhttps:\/\/chinaseafoodexpo.com\/\u00bb align=\u00bbcenter\u00bb _builder_version=\u00bb4.24.0&#8243; _module_preset=\u00bbdefault\u00bb custom_margin=\u00bb|5px||5px|false|true\u00bb global_colors_info=\u00bb{}\u00bb][\/et_pb_image][\/et_pb_column][et_pb_column type=\u00bb1_5&#8243; _builder_version=\u00bb4.23.4&#8243; _module_preset=\u00bbdefault\u00bb global_colors_info=\u00bb{}\u00bb custom_css_main_element_last_edited=\u00bbon|desktop\u00bb custom_css_main_element_phone=\u00bbwidth: 50% !important;\u00bb custom_css_main_element_tablet=\u00bb \u00ab][et_pb_image src=\u00bbhttps:\/\/perupez.com\/wp-content\/uploads\/2024\/02\/bisfe.jpg\u00bb title_text=\u00bbbisfe\u00bb url=\u00bbhttps:\/\/www.bisfe.com\/\u00bb url_new_window=\u00bbon\u00bb align=\u00bbcenter\u00bb _builder_version=\u00bb4.24.0&#8243; _module_preset=\u00bbdefault\u00bb custom_margin=\u00bb|5px||5px|false|true\u00bb global_colors_info=\u00bb{}\u00bb][\/et_pb_image][\/et_pb_column][\/et_pb_row][\/et_pb_section]<\/p>\n","protected":false},"excerpt":{"rendered":"<p>noticiasDario Alvites, fundador y director ejecutivo de Perupez, declar\u00f3: \u00abObtener la certificaci\u00f3n MSC es una prioridad estrat\u00e9gica para Perupez&#8230;El Pdte. del IMARPE Jorge Paz A. y el Pdte. de la Asociaci\u00f3n Peruana de Productores de AnguilaPer\u00fa lidera exportaci\u00f3n de anguila: conozcamos m\u00e1s sobre esta especie marina.Dar\u00edo Alvites, Per\u00fa lidera en el mundo la exportaci\u00f3n de [&hellip;]<\/p>\n","protected":false},"author":1,"featured_media":0,"parent":0,"menu_order":0,"comment_status":"closed","ping_status":"closed","template":"","meta":{"_et_pb_use_builder":"on","_et_pb_old_content":"","_et_gb_content_width":"","footnotes":""},"class_list":["post-336653","page","type-page","status-publish","hentry"],"_links":{"self":[{"href":"https:\/\/perupez.com\/en\/wp-json\/wp\/v2\/pages\/336653","targetHints":{"allow":["GET"]}}],"collection":[{"href":"https:\/\/perupez.com\/en\/wp-json\/wp\/v2\/pages"}],"about":[{"href":"https:\/\/perupez.com\/en\/wp-json\/wp\/v2\/types\/page"}],"author":[{"embeddable":true,"href":"https:\/\/perupez.com\/en\/wp-json\/wp\/v2\/users\/1"}],"replies":[{"embeddable":true,"href":"https:\/\/perupez.com\/en\/wp-json\/wp\/v2\/comments?post=336653"}],"version-history":[{"count":56,"href":"https:\/\/perupez.com\/en\/wp-json\/wp\/v2\/pages\/336653\/revisions"}],"predecessor-version":[{"id":337040,"href":"https:\/\/perupez.com\/en\/wp-json\/wp\/v2\/pages\/336653\/revisions\/337040"}],"wp:attachment":[{"href":"https:\/\/perupez.com\/en\/wp-json\/wp\/v2\/media?parent=336653"}],"curies":[{"name":"wp","href":"https:\/\/api.w.org\/{rel}","templated":true}]}}